{"id":1129,"date":"2022-12-20T10:42:19","date_gmt":"2022-12-20T09:42:19","guid":{"rendered":"http:\/\/marimuntanya.fr\/?page_id=1129"},"modified":"2025-08-18T08:53:30","modified_gmt":"2025-08-18T06:53:30","slug":"lloret-de-mar","status":"publish","type":"page","link":"https:\/\/marimuntanya.fr\/?page_id=1129","title":{"rendered":"Lloret de Mar capitale de la Costa Brava"},"content":{"rendered":"\t\t<div data-elementor-type=\"wp-page\" data-elementor-id=\"1129\" class=\"elementor elementor-1129\">\n\t\t\t\t\t\t<section class=\"elementor-section elementor-top-section elementor-element elementor-element-bb702d3 elementor-section-boxed elementor-section-height-default elementor-section-height-default\" data-id=\"bb702d3\" data-element_type=\"section\" data-e-type=\"section\">\n\t\t\t\t\t\t<div class=\"elementor-container elementor-column-gap-default\">\n\t\t\t\t\t<div class=\"elementor-column elementor-col-100 elementor-top-column elementor-element elementor-element-54b2a4b\" data-id=\"54b2a4b\" data-element_type=\"column\" data-e-type=\"column\">\n\t\t\t<div class=\"elementor-widget-wrap elementor-element-populated\">\n\t\t\t\t\t\t<div class=\"elementor-element elementor-element-d28d799 elementor-widget elementor-widget-heading\" data-id=\"d28d799\" data-element_type=\"widget\" data-e-type=\"widget\" data-widget_type=\"heading.default\">\n\t\t\t\t<div class=\"elementor-widget-container\">\n\t\t\t\t\t<h2 class=\"elementor-heading-title elementor-size-default\">Lloret de Mar capitale de la Costa Brava<\/h2>\t\t\t\t<\/div>\n\t\t\t\t<\/div>\n\t\t\t\t\t<\/div>\n\t\t<\/div>\n\t\t\t\t\t<\/div>\n\t\t<\/section>\n\t\t\t\t<section class=\"elementor-section elementor-top-section elementor-element elementor-element-001a5f5 elementor-section-boxed elementor-section-height-default elementor-section-height-default\" data-id=\"001a5f5\" data-element_type=\"section\" data-e-type=\"section\">\n\t\t\t\t\t\t<div class=\"elementor-container elementor-column-gap-default\">\n\t\t\t\t\t<div class=\"elementor-column elementor-col-66 elementor-top-column elementor-element elementor-element-a24d697\" data-id=\"a24d697\" data-element_type=\"column\" data-e-type=\"column\">\n\t\t\t<div class=\"elementor-widget-wrap elementor-element-populated\">\n\t\t\t\t\t\t<div class=\"elementor-element elementor-element-c36d7c9 elementor-widget elementor-widget-text-editor\" data-id=\"c36d7c9\" data-element_type=\"widget\" data-e-type=\"widget\" data-widget_type=\"text-editor.default\">\n\t\t\t\t<div class=\"elementor-widget-container\">\n\t\t\t\t\t\t\t\t\t<p>Lloret de Mar est la destination id\u00e9ale pour des vacances ! Partez \u00e0 la d\u00e9couverte de ce petit coin de paradis sur la Costa Brava !<\/p><p>Gr\u00e2ce \u00e0 son environnement naturel et \u00e0 la m\u00e9t\u00e9o, vous passerez \u00e0 Lloret un s\u00e9jour inoubliable.<\/p><p>A 1 h de route de la fronti\u00e8re fran\u00e7aise,\u00a0 30 mn de l&rsquo;a\u00e9roport de Girone, 1h15 de l\u2019a\u00e9roport international de Barcelone El Prat, 1h30 en train de Barcelone, Lloret de Mar est id\u00e9alement desservie.<\/p>\t\t\t\t\t\t\t\t<\/div>\n\t\t\t\t<\/div>\n\t\t\t\t\t<\/div>\n\t\t<\/div>\n\t\t\t\t<div class=\"elementor-column elementor-col-33 elementor-top-column elementor-element elementor-element-10297fa\" data-id=\"10297fa\" data-element_type=\"column\" data-e-type=\"column\">\n\t\t\t<div class=\"elementor-widget-wrap elementor-element-populated\">\n\t\t\t\t\t\t<div class=\"elementor-element elementor-element-a79b0e0 elementor-widget elementor-widget-video\" data-id=\"a79b0e0\" data-element_type=\"widget\" data-e-type=\"widget\" data-settings=\"{&quot;youtube_url&quot;:&quot;https:\\\/\\\/www.youtube.com\\\/watch?v=FjyxfaoGldA&quot;,&quot;video_type&quot;:&quot;youtube&quot;,&quot;controls&quot;:&quot;yes&quot;}\" data-widget_type=\"video.default\">\n\t\t\t\t<div class=\"elementor-widget-container\">\n\t\t\t\t\t\t\t<div class=\"elementor-wrapper elementor-open-inline\">\n\t\t\t<div class=\"elementor-video\"><\/div>\t\t<\/div>\n\t\t\t\t\t\t<\/div>\n\t\t\t\t<\/div>\n\t\t\t\t\t<\/div>\n\t\t<\/div>\n\t\t\t\t\t<\/div>\n\t\t<\/section>\n\t\t\t\t<section class=\"elementor-section elementor-top-section elementor-element elementor-element-d5ad161 elementor-section-boxed elementor-section-height-default elementor-section-height-default\" data-id=\"d5ad161\" data-element_type=\"section\" data-e-type=\"section\">\n\t\t\t\t\t\t<div class=\"elementor-container elementor-column-gap-default\">\n\t\t\t\t\t<div class=\"elementor-column elementor-col-100 elementor-top-column elementor-element elementor-element-0a28beb\" data-id=\"0a28beb\" data-element_type=\"column\" data-e-type=\"column\">\n\t\t\t<div class=\"elementor-widget-wrap elementor-element-populated\">\n\t\t\t\t\t\t<div class=\"elementor-element elementor-element-f2a1673 elementor-widget elementor-widget-heading\" data-id=\"f2a1673\" data-element_type=\"widget\" data-e-type=\"widget\" data-widget_type=\"heading.default\">\n\t\t\t\t<div class=\"elementor-widget-container\">\n\t\t\t\t\t<h2 class=\"elementor-heading-title elementor-size-default\">La meilleure destination pour vos vacances d'\u00e9t\u00e9 !<\/h2>\t\t\t\t<\/div>\n\t\t\t\t<\/div>\n\t\t\t\t\t<\/div>\n\t\t<\/div>\n\t\t\t\t\t<\/div>\n\t\t<\/section>\n\t\t\t\t<section class=\"elementor-section elementor-top-section elementor-element elementor-element-e7f969d elementor-section-boxed elementor-section-height-default elementor-section-height-default\" data-id=\"e7f969d\" data-element_type=\"section\" data-e-type=\"section\">\n\t\t\t\t\t\t<div class=\"elementor-container elementor-column-gap-default\">\n\t\t\t\t\t<div class=\"elementor-column elementor-col-100 elementor-top-column elementor-element elementor-element-6a6ae99\" data-id=\"6a6ae99\" data-element_type=\"column\" data-e-type=\"column\">\n\t\t\t<div class=\"elementor-widget-wrap elementor-element-populated\">\n\t\t\t\t\t\t<div class=\"elementor-element elementor-element-e25104a elementor-widget elementor-widget-text-editor\" data-id=\"e25104a\" data-element_type=\"widget\" data-e-type=\"widget\" data-widget_type=\"text-editor.default\">\n\t\t\t\t<div class=\"elementor-widget-container\">\n\t\t\t\t\t\t\t\t\t<p>Situ\u00e9e sur la c\u00f4te m\u00e9diterran\u00e9enne, \u00e0 mi chemin entre Barcelone et la fronti\u00e8re fran\u00e7aise, Lloret de Mar est une petite ville d\u2019environ 40 000 habitants. Connue pour sa vie nocturne et son cadre idyllique, elle attire chaque ann\u00e9e des dizaines de milliers de touristes.<\/p><p>Que ce soit pour les vacances, pour un s\u00e9jour en famille ou pour organiser un \u00e9v\u00e9nement pro, ayez le r\u00e9flexe Lloret<\/p>\t\t\t\t\t\t\t\t<\/div>\n\t\t\t\t<\/div>\n\t\t\t\t\t<\/div>\n\t\t<\/div>\n\t\t\t\t\t<\/div>\n\t\t<\/section>\n\t\t\t\t<section class=\"elementor-section elementor-top-section elementor-element elementor-element-e6da71e elementor-section-boxed elementor-section-height-default elementor-section-height-default\" data-id=\"e6da71e\" data-element_type=\"section\" data-e-type=\"section\">\n\t\t\t\t\t\t<div class=\"elementor-container elementor-column-gap-default\">\n\t\t\t\t\t<div class=\"elementor-column elementor-col-100 elementor-top-column elementor-element elementor-element-72ee028\" data-id=\"72ee028\" data-element_type=\"column\" data-e-type=\"column\">\n\t\t\t<div class=\"elementor-widget-wrap elementor-element-populated\">\n\t\t\t\t\t\t<div class=\"elementor-element elementor-element-812bb1b elementor-widget elementor-widget-heading\" data-id=\"812bb1b\" data-element_type=\"widget\" data-e-type=\"widget\" data-widget_type=\"heading.default\">\n\t\t\t\t<div class=\"elementor-widget-container\">\n\t\t\t\t\t<h2 class=\"elementor-heading-title elementor-size-default\">Comment se rendre \u00e0 Lloret de Mar ?<\/h2>\t\t\t\t<\/div>\n\t\t\t\t<\/div>\n\t\t\t\t\t<\/div>\n\t\t<\/div>\n\t\t\t\t\t<\/div>\n\t\t<\/section>\n\t\t\t\t<section class=\"elementor-section elementor-top-section elementor-element elementor-element-de578a6 elementor-section-boxed elementor-section-height-default elementor-section-height-default\" data-id=\"de578a6\" data-element_type=\"section\" data-e-type=\"section\">\n\t\t\t\t\t\t<div class=\"elementor-container elementor-column-gap-default\">\n\t\t\t\t\t<div class=\"elementor-column elementor-col-100 elementor-top-column elementor-element elementor-element-0eadece\" data-id=\"0eadece\" data-element_type=\"column\" data-e-type=\"column\">\n\t\t\t<div class=\"elementor-widget-wrap elementor-element-populated\">\n\t\t\t\t\t\t<div class=\"elementor-element elementor-element-841e96c elementor-widget elementor-widget-google_maps\" data-id=\"841e96c\" data-element_type=\"widget\" data-e-type=\"widget\" data-widget_type=\"google_maps.default\">\n\t\t\t\t<div class=\"elementor-widget-container\">\n\t\t\t\t\t\t\t<div class=\"elementor-custom-embed\">\n\t\t\t<iframe loading=\"lazy\"\n\t\t\t\t\tsrc=\"https:\/\/maps.google.com\/maps?q=Lloret%20de%20Mar&#038;t=m&#038;z=7&#038;output=embed&#038;iwloc=near\"\n\t\t\t\t\ttitle=\"Lloret de Mar\"\n\t\t\t\t\taria-label=\"Lloret de Mar\"\n\t\t\t><\/iframe>\n\t\t<\/div>\n\t\t\t\t\t\t<\/div>\n\t\t\t\t<\/div>\n\t\t\t\t\t<\/div>\n\t\t<\/div>\n\t\t\t\t\t<\/div>\n\t\t<\/section>\n\t\t\t\t<section class=\"elementor-section elementor-top-section elementor-element elementor-element-ade6b48 elementor-section-boxed elementor-section-height-default elementor-section-height-default\" data-id=\"ade6b48\" data-element_type=\"section\" data-e-type=\"section\">\n\t\t\t\t\t\t<div class=\"elementor-container elementor-column-gap-default\">\n\t\t\t\t\t<div class=\"elementor-column elementor-col-100 elementor-top-column elementor-element elementor-element-0c33852\" data-id=\"0c33852\" data-element_type=\"column\" data-e-type=\"column\">\n\t\t\t<div class=\"elementor-widget-wrap elementor-element-populated\">\n\t\t\t\t\t\t<div class=\"elementor-element elementor-element-6b84406 elementor-widget elementor-widget-text-editor\" data-id=\"6b84406\" data-element_type=\"widget\" data-e-type=\"widget\" data-widget_type=\"text-editor.default\">\n\t\t\t\t<div class=\"elementor-widget-container\">\n\t\t\t\t\t\t\t\t\t<h3>Venir \u00e0 Lloret en voiture<\/h3><p>La ville de Lloret se trouve \u00e0 100 km de la fronti\u00e8re fran\u00e7aise, \u00a0une heure suffit pour atteindre la station baln\u00e9aire via l\u2019autoroute gratuite AP 7 (route europ\u00e9enne E15) , que vous quitterez \u00e0 la sortie 9.<\/p><h3>Venir \u00e0 Lloret en avion<\/h3><p>A 30 km de l&rsquo;a\u00e9roport de Girone et 90 km de l\u2019a\u00e9roport de Barcelone, la station baln\u00e9aire est tr\u00e8s bien desservie.<\/p><p>Girone est plus proche\u00a0 toutefois les vols \u00e0 destination de Barcelone-El Prat sont parfois moins chers.<\/p><p>Sur place, vous pouvez louer une voiture, prendre une navette (plusieurs dizaines par jour)\u00a0 ou louer un taxi collectif.\u00a0<\/p><h3>Venir \u00e0 Lloret en train<\/h3><p>Lloret de Mar est \u00e9galement accessible en train via la gare de Barcelone.<br \/>Une fois arriv\u00e9s, vous pouvez soit louer un v\u00e9hicule, soit une navette de bus (plusieurs dizaines par jour) jusqu&rsquo;\u00e0 Lloret de Mar.<br \/>Une fois sur place, nous vous conseillons \u00e9galement de louer une voiture.<\/p>\t\t\t\t\t\t\t\t<\/div>\n\t\t\t\t<\/div>\n\t\t\t\t\t<\/div>\n\t\t<\/div>\n\t\t\t\t\t<\/div>\n\t\t<\/section>\n\t\t\t\t<section class=\"elementor-section elementor-top-section elementor-element elementor-element-274d7e2 elementor-section-boxed elementor-section-height-default elementor-section-height-default\" data-id=\"274d7e2\" data-element_type=\"section\" data-e-type=\"section\">\n\t\t\t\t\t\t<div class=\"elementor-container elementor-column-gap-default\">\n\t\t\t\t\t<div class=\"elementor-column elementor-col-100 elementor-top-column elementor-element elementor-element-c11fa79\" data-id=\"c11fa79\" data-element_type=\"column\" data-e-type=\"column\">\n\t\t\t<div class=\"elementor-widget-wrap elementor-element-populated\">\n\t\t\t\t\t\t<div class=\"elementor-element elementor-element-0c7ab79 elementor-widget elementor-widget-heading\" data-id=\"0c7ab79\" data-element_type=\"widget\" data-e-type=\"widget\" data-widget_type=\"heading.default\">\n\t\t\t\t<div class=\"elementor-widget-container\">\n\t\t\t\t\t<h2 class=\"elementor-heading-title elementor-size-default\">Que faire \u00e0 Lloret ?<\/h2>\t\t\t\t<\/div>\n\t\t\t\t<\/div>\n\t\t\t\t\t<\/div>\n\t\t<\/div>\n\t\t\t\t\t<\/div>\n\t\t<\/section>\n\t\t\t\t<section class=\"elementor-section elementor-top-section elementor-element elementor-element-19da6e5 elementor-section-boxed elementor-section-height-default elementor-section-height-default\" data-id=\"19da6e5\" data-element_type=\"section\" data-e-type=\"section\">\n\t\t\t\t\t\t<div class=\"elementor-container elementor-column-gap-default\">\n\t\t\t\t\t<div class=\"elementor-column elementor-col-66 elementor-top-column elementor-element elementor-element-bf110a3\" data-id=\"bf110a3\" data-element_type=\"column\" data-e-type=\"column\">\n\t\t\t<div class=\"elementor-widget-wrap elementor-element-populated\">\n\t\t\t\t\t\t<div class=\"elementor-element elementor-element-f2783d7 elementor-widget elementor-widget-text-editor\" data-id=\"f2783d7\" data-element_type=\"widget\" data-e-type=\"widget\" data-widget_type=\"text-editor.default\">\n\t\t\t\t<div class=\"elementor-widget-container\">\n\t\t\t\t\t\t\t\t\t<p>Lloret est renomm\u00e9e pour ses plages. 5 plages et criques paradisiaques se succ\u00e8dent sur ses 9 km de littoral, mais Lloret est bien plus qu\u2019une station baln\u00e9aire ! La ville offre une grande vari\u00e9t\u00e9 d\u2019activit\u00e9s pour les petits et les grands.<\/p><p>C&rsquo;est une destination certifi\u00e9e du tourisme familial. Les parcs d\u2019attraction qui se trouvent \u00e0 proximit\u00e9 de la ville \u00a0feront la joie de tous.<\/p><p>La ville et ses environs disposent d\u2019un patrimoine historique et culturel riche. Une histoire que vous pourrez d\u00e9couvrir au cours de visites et de promenades passionnantes dans la ville.<\/p><p>Difficile aussi de passer \u00e0 c\u00f4t\u00e9 des diverses excursions en mer propos\u00e9es au d\u00e9part de Lloret de Mar. L&rsquo;environnement maritime est l&rsquo;un des principaux atouts de la ville !<\/p><p>Les sportifs appr\u00e9cieront les nombreux sports et \u00e9quipements sportifs. Derri\u00e8re les immeubles et les h\u00f4tels se cachent 27 km\u00b2 de for\u00eats o\u00f9 vous pourrez pratiquer des activit\u00e9s en pleine nature.<\/p><p>Vous pr\u00e9f\u00e9rez la d\u00e9tente aux sensations fortes ? Entre les spas, les sports doux et les sessions shopping, on appr\u00e9cie de se relaxer \u00e0 Lloret de Mar et prendre soin de soi pendant les vacances !<\/p><p>Avec ses nombreux magasins et commerces, vous pourrez \u00e9galement profiter de vos vacances pour renouveler votre garde-robe et faire du shopping dans Lloret de Mar ou aux alentours.<\/p><p><span class=\"HwtZe\" lang=\"fr\"><span class=\"jCAhz ChMk0b\"><span class=\"ryNqvb\">Si vous souhaitez passer une soir\u00e9e sp\u00e9ciale au casino, vous pouvez le faire au Gran Casino Costa Brava de Lloret de Mar.<\/span><\/span> <span class=\"jCAhz ChMk0b\"><span class=\"ryNqvb\">Il s&rsquo;\u00e9tend sur 16 000 m2 et dispose de machines \u00e0 sous et de tables o\u00f9 se d\u00e9roulent des tournois de niveau international.<\/span><\/span><\/span><\/p><p>Pourquoi ne pas partir \u00e0 la d\u00e9couverte de la Costa Brava ? En plus de la splendide Barcelone, on trouve plusieurs sites \u00e0 visiter autour de Lloret.<\/p><p>Si vous pr\u00e9f\u00e9rez \u00e9viter les bains de foule, pourquoi ne pas visiter Lloret de Mar hors-saison ? De nombreux \u00e9v\u00e9nements et activit\u00e9s sont disponibles toute l\u2019ann\u00e9e.<\/p>\t\t\t\t\t\t\t\t<\/div>\n\t\t\t\t<\/div>\n\t\t\t\t\t<\/div>\n\t\t<\/div>\n\t\t\t\t<div class=\"elementor-column elementor-col-33 elementor-top-column elementor-element elementor-element-273013d\" data-id=\"273013d\" data-element_type=\"column\" data-e-type=\"column\">\n\t\t\t<div class=\"elementor-widget-wrap elementor-element-populated\">\n\t\t\t\t\t\t<div class=\"elementor-element elementor-element-5b7bc02 elementor-widget elementor-widget-video\" data-id=\"5b7bc02\" data-element_type=\"widget\" data-e-type=\"widget\" data-settings=\"{&quot;youtube_url&quot;:&quot;https:\\\/\\\/www.youtube.com\\\/watch?v=qtBh-YGS_LQ&quot;,&quot;video_type&quot;:&quot;youtube&quot;,&quot;controls&quot;:&quot;yes&quot;}\" data-widget_type=\"video.default\">\n\t\t\t\t<div class=\"elementor-widget-container\">\n\t\t\t\t\t\t\t<div class=\"elementor-wrapper elementor-open-inline\">\n\t\t\t<div class=\"elementor-video\"><\/div>\t\t<\/div>\n\t\t\t\t\t\t<\/div>\n\t\t\t\t<\/div>\n\t\t\t\t\t<\/div>\n\t\t<\/div>\n\t\t\t\t\t<\/div>\n\t\t<\/section>\n\t\t\t\t<section class=\"elementor-section elementor-top-section elementor-element elementor-element-fa7c54c elementor-section-boxed elementor-section-height-default elementor-section-height-default\" data-id=\"fa7c54c\" data-element_type=\"section\" data-e-type=\"section\">\n\t\t\t\t\t\t<div class=\"elementor-container elementor-column-gap-default\">\n\t\t\t\t\t<div class=\"elementor-column elementor-col-100 elementor-top-column elementor-element elementor-element-65332c8\" data-id=\"65332c8\" data-element_type=\"column\" data-e-type=\"column\">\n\t\t\t<div class=\"elementor-widget-wrap elementor-element-populated\">\n\t\t\t\t\t\t<div class=\"elementor-element elementor-element-5373d4a elementor-widget elementor-widget-text-editor\" data-id=\"5373d4a\" data-element_type=\"widget\" data-e-type=\"widget\" data-widget_type=\"text-editor.default\">\n\t\t\t\t<div class=\"elementor-widget-container\">\n\t\t\t\t\t\t\t\t\t<h3>Pour plus de d\u00e9tails, visitez le site de l&rsquo;<a href=\"https:\/\/lloretdemar.org\/\">office du tourisme.<\/a>(Cliquez sur \u00ab\u00a0CA\u00a0\u00bb dans le menu en haut \u00e0 droite pour changer la langue).<\/h3>\t\t\t\t\t\t\t\t<\/div>\n\t\t\t\t<\/div>\n\t\t\t\t\t<\/div>\n\t\t<\/div>\n\t\t\t\t\t<\/div>\n\t\t<\/section>\n\t\t\t\t<\/div>\n\t\t","protected":false},"excerpt":{"rendered":"<p>Lloret de Mar capitale de la Costa Brava Lloret de Mar est la destination id\u00e9ale pour des vacances ! Partez \u00e0 la d\u00e9couverte de ce petit coin de paradis sur la Costa Brava ! Gr\u00e2ce \u00e0 son environnement naturel et \u00e0 la m\u00e9t\u00e9o, vous passerez \u00e0 Lloret un s\u00e9jour inoubliable. A 1 h de route [&hellip;]<\/p>\n","protected":false},"author":1,"featured_media":0,"parent":0,"menu_order":0,"comment_status":"closed","ping_status":"closed","template":"","meta":{"site-sidebar-layout":"no-sidebar","site-content-layout":"page-builder","ast-site-content-layout":"default","site-content-style":"default","site-sidebar-style":"default","ast-global-header-display":"","ast-banner-title-visibility":"","ast-main-header-display":"","ast-hfb-above-header-display":"","ast-hfb-below-header-display":"","ast-hfb-mobile-header-display":"","site-post-title":"disabled","ast-breadcrumbs-content":"","ast-featured-img":"","footer-sml-layout":"","ast-disable-related-posts":"","theme-transparent-header-meta":"default","adv-header-id-meta":"","stick-header-meta":"","header-above-stick-meta":"","header-main-stick-meta":"","header-below-stick-meta":"","astra-migrate-meta-layouts":"default","ast-page-background-enabled":"default","ast-page-background-meta":{"desktop":{"background-color":"var(--ast-global-color-4)","background-image":"","background-repeat":"repeat","background-position":"center center","background-size":"auto","background-attachment":"scroll","background-type":"","background-media":"","overlay-type":"","overlay-color":"","overlay-opacity":"","overlay-gradient":""},"tablet":{"background-color":"","background-image":"","background-repeat":"repeat","background-position":"center center","background-size":"auto","background-attachment":"scroll","background-type":"","background-media":"","overlay-type":"","overlay-color":"","overlay-opacity":"","overlay-gradient":""},"mobile":{"background-color":"","background-image":"","background-repeat":"repeat","background-position":"center center","background-size":"auto","background-attachment":"scroll","background-type":"","background-media":"","overlay-type":"","overlay-color":"","overlay-opacity":"","overlay-gradient":""}},"ast-content-background-meta":{"desktop":{"background-color":"var(--ast-global-color-5)","background-image":"","background-repeat":"repeat","background-position":"center center","background-size":"auto","background-attachment":"scroll","background-type":"","background-media":"","overlay-type":"","overlay-color":"","overlay-opacity":"","overlay-gradient":""},"tablet":{"background-color":"var(--ast-global-color-5)","background-image":"","background-repeat":"repeat","background-position":"center center","background-size":"auto","background-attachment":"scroll","background-type":"","background-media":"","overlay-type":"","overlay-color":"","overlay-opacity":"","overlay-gradient":""},"mobile":{"background-color":"var(--ast-global-color-5)","background-image":"","background-repeat":"repeat","background-position":"center center","background-size":"auto","background-attachment":"scroll","background-type":"","background-media":"","overlay-type":"","overlay-color":"","overlay-opacity":"","overlay-gradient":""}},"footnotes":""},"class_list":["post-1129","page","type-page","status-publish","hentry"],"yoast_head":"<!-- This site is optimized with the Yoast SEO plugin v27.4 - https:\/\/yoast.com\/product\/yoast-seo-wordpress\/ -->\n<title>Lloret de Mar capitale de la Costa Brava - Marimuntanya<\/title>\n<meta name=\"robots\" content=\"index, follow, max-snippet:-1, max-image-preview:large, max-video-preview:-1\" \/>\n<link rel=\"canonical\" href=\"https:\/\/marimuntanya.fr\/?page_id=1129\" \/>\n<meta property=\"og:locale\" content=\"fr_FR\" \/>\n<meta property=\"og:type\" content=\"article\" \/>\n<meta property=\"og:title\" content=\"Lloret de Mar capitale de la Costa Brava - Marimuntanya\" \/>\n<meta property=\"og:description\" content=\"Lloret de Mar capitale de la Costa Brava Lloret de Mar est la destination id\u00e9ale pour des vacances ! Partez \u00e0 la d\u00e9couverte de ce petit coin de paradis sur la Costa Brava ! Gr\u00e2ce \u00e0 son environnement naturel et \u00e0 la m\u00e9t\u00e9o, vous passerez \u00e0 Lloret un s\u00e9jour inoubliable. A 1 h de route [&hellip;]\" \/>\n<meta property=\"og:url\" content=\"https:\/\/marimuntanya.fr\/?page_id=1129\" \/>\n<meta property=\"og:site_name\" content=\"Marimuntanya\" \/>\n<meta property=\"article:modified_time\" content=\"2025-08-18T06:53:30+00:00\" \/>\n<meta name=\"twitter:card\" content=\"summary_large_image\" \/>\n<meta name=\"twitter:label1\" content=\"Dur\u00e9e de lecture estim\u00e9e\" \/>\n\t<meta name=\"twitter:data1\" content=\"4 minutes\" \/>\n<script type=\"application\/ld+json\" class=\"yoast-schema-graph\">{\"@context\":\"https:\\\/\\\/schema.org\",\"@graph\":[{\"@type\":\"WebPage\",\"@id\":\"https:\\\/\\\/marimuntanya.fr\\\/?page_id=1129\",\"url\":\"https:\\\/\\\/marimuntanya.fr\\\/?page_id=1129\",\"name\":\"Lloret de Mar capitale de la Costa Brava - Marimuntanya\",\"isPartOf\":{\"@id\":\"https:\\\/\\\/marimuntanya.fr\\\/#website\"},\"datePublished\":\"2022-12-20T09:42:19+00:00\",\"dateModified\":\"2025-08-18T06:53:30+00:00\",\"breadcrumb\":{\"@id\":\"https:\\\/\\\/marimuntanya.fr\\\/?page_id=1129#breadcrumb\"},\"inLanguage\":\"fr-FR\",\"potentialAction\":[{\"@type\":\"ReadAction\",\"target\":[\"https:\\\/\\\/marimuntanya.fr\\\/?page_id=1129\"]}]},{\"@type\":\"BreadcrumbList\",\"@id\":\"https:\\\/\\\/marimuntanya.fr\\\/?page_id=1129#breadcrumb\",\"itemListElement\":[{\"@type\":\"ListItem\",\"position\":1,\"name\":\"Accueil\",\"item\":\"https:\\\/\\\/marimuntanya.fr\\\/\"},{\"@type\":\"ListItem\",\"position\":2,\"name\":\"Lloret de Mar capitale de la Costa Brava\"}]},{\"@type\":\"WebSite\",\"@id\":\"https:\\\/\\\/marimuntanya.fr\\\/#website\",\"url\":\"https:\\\/\\\/marimuntanya.fr\\\/\",\"name\":\"Marimuntanya\",\"description\":\"Villa sur la Costa Brava\",\"potentialAction\":[{\"@type\":\"SearchAction\",\"target\":{\"@type\":\"EntryPoint\",\"urlTemplate\":\"https:\\\/\\\/marimuntanya.fr\\\/?s={search_term_string}\"},\"query-input\":{\"@type\":\"PropertyValueSpecification\",\"valueRequired\":true,\"valueName\":\"search_term_string\"}}],\"inLanguage\":\"fr-FR\"}]}<\/script>\n<!-- \/ Yoast SEO plugin. -->","yoast_head_json":{"title":"Lloret de Mar capitale de la Costa Brava - Marimuntanya","robots":{"index":"index","follow":"follow","max-snippet":"max-snippet:-1","max-image-preview":"max-image-preview:large","max-video-preview":"max-video-preview:-1"},"canonical":"https:\/\/marimuntanya.fr\/?page_id=1129","og_locale":"fr_FR","og_type":"article","og_title":"Lloret de Mar capitale de la Costa Brava - Marimuntanya","og_description":"Lloret de Mar capitale de la Costa Brava Lloret de Mar est la destination id\u00e9ale pour des vacances ! Partez \u00e0 la d\u00e9couverte de ce petit coin de paradis sur la Costa Brava ! Gr\u00e2ce \u00e0 son environnement naturel et \u00e0 la m\u00e9t\u00e9o, vous passerez \u00e0 Lloret un s\u00e9jour inoubliable. A 1 h de route [&hellip;]","og_url":"https:\/\/marimuntanya.fr\/?page_id=1129","og_site_name":"Marimuntanya","article_modified_time":"2025-08-18T06:53:30+00:00","twitter_card":"summary_large_image","twitter_misc":{"Dur\u00e9e de lecture estim\u00e9e":"4 minutes"},"schema":{"@context":"https:\/\/schema.org","@graph":[{"@type":"WebPage","@id":"https:\/\/marimuntanya.fr\/?page_id=1129","url":"https:\/\/marimuntanya.fr\/?page_id=1129","name":"Lloret de Mar capitale de la Costa Brava - Marimuntanya","isPartOf":{"@id":"https:\/\/marimuntanya.fr\/#website"},"datePublished":"2022-12-20T09:42:19+00:00","dateModified":"2025-08-18T06:53:30+00:00","breadcrumb":{"@id":"https:\/\/marimuntanya.fr\/?page_id=1129#breadcrumb"},"inLanguage":"fr-FR","potentialAction":[{"@type":"ReadAction","target":["https:\/\/marimuntanya.fr\/?page_id=1129"]}]},{"@type":"BreadcrumbList","@id":"https:\/\/marimuntanya.fr\/?page_id=1129#breadcrumb","itemListElement":[{"@type":"ListItem","position":1,"name":"Accueil","item":"https:\/\/marimuntanya.fr\/"},{"@type":"ListItem","position":2,"name":"Lloret de Mar capitale de la Costa Brava"}]},{"@type":"WebSite","@id":"https:\/\/marimuntanya.fr\/#website","url":"https:\/\/marimuntanya.fr\/","name":"Marimuntanya","description":"Villa sur la Costa Brava","potentialAction":[{"@type":"SearchAction","target":{"@type":"EntryPoint","urlTemplate":"https:\/\/marimuntanya.fr\/?s={search_term_string}"},"query-input":{"@type":"PropertyValueSpecification","valueRequired":true,"valueName":"search_term_string"}}],"inLanguage":"fr-FR"}]}},"_links":{"self":[{"href":"https:\/\/marimuntanya.fr\/index.php?rest_route=\/wp\/v2\/pages\/1129","targetHints":{"allow":["GET"]}}],"collection":[{"href":"https:\/\/marimuntanya.fr\/index.php?rest_route=\/wp\/v2\/pages"}],"about":[{"href":"https:\/\/marimuntanya.fr\/index.php?rest_route=\/wp\/v2\/types\/page"}],"author":[{"embeddable":true,"href":"https:\/\/marimuntanya.fr\/index.php?rest_route=\/wp\/v2\/users\/1"}],"replies":[{"embeddable":true,"href":"https:\/\/marimuntanya.fr\/index.php?rest_route=%2Fwp%2Fv2%2Fcomments&post=1129"}],"version-history":[{"count":28,"href":"https:\/\/marimuntanya.fr\/index.php?rest_route=\/wp\/v2\/pages\/1129\/revisions"}],"predecessor-version":[{"id":1299,"href":"https:\/\/marimuntanya.fr\/index.php?rest_route=\/wp\/v2\/pages\/1129\/revisions\/1299"}],"wp:attachment":[{"href":"https:\/\/marimuntanya.fr\/index.php?rest_route=%2Fwp%2Fv2%2Fmedia&parent=1129"}],"curies":[{"name":"wp","href":"https:\/\/api.w.org\/{rel}","templated":true}]}}